{"id":3524,"date":"2025-01-08T13:38:57","date_gmt":"2025-01-08T13:38:57","guid":{"rendered":"https:\/\/wpriverthemes.com\/nexux\/?page_id=3524"},"modified":"2025-06-26T23:57:40","modified_gmt":"2025-06-26T21:57:40","slug":"polityka-prywatnosci-2","status":"publish","type":"page","link":"https:\/\/itechelectronics.pl\/?page_id=3524","title":{"rendered":"Polityka prywatno\u015bci"},"content":{"rendered":"\t\t<div data-elementor-type=\"wp-page\" data-elementor-id=\"3524\" class=\"elementor elementor-3524\">\n\t\t\t\t<div class=\"elementor-element elementor-element-c2acb4f e-con-full e-flex e-con e-parent\" data-id=\"c2acb4f\" data-element_type=\"container\">\n\t\t\t\t<div class=\"elementor-element elementor-element-d78ab07 elementor-widget elementor-widget-innerpageprivacy\" data-id=\"d78ab07\" data-element_type=\"widget\" data-widget_type=\"innerpageprivacy.default\">\n\t\t\t\t<div class=\"elementor-widget-container\">\n\t\t\t\t\t\n<!-- Start Privacy -->\n<section class=\"s-privacy\">\n    <div class=\"tf-container\">\n        <div class=\"row\">\n            <div class=\"col-xxl-12\">\n                                <div class=\"s-heading\">\n                    <span class=\"bloom\"><\/span>\n                    <div class=\"relative z-5\">\n                        <div class=\"s-sub-title center\">\n                            <img decoding=\"async\" src=\"https:\/\/wpriverthemes.com\/nexux\/wp-content\/themes\/nexux\/icons\/sub-title-left.svg\" alt=\"subtitle\"><p>Privacy Policy<\/p><img decoding=\"async\" src=\"https:\/\/wpriverthemes.com\/nexux\/wp-content\/themes\/nexux\/icons\/sub-title-right.svg\" alt=\"subtitle\">                        <\/div>\n                        <h1 class=\"s-title text-center wow fadeInUp\" data-wow-delay=\"0s\">\n                                                    <\/h1>\n                        <p class=\"text text-center mb-30 wow fadeInUp\" data-wow-delay=\"0.1s\">\n                            See how we protect your information and ensure your privacy policy.                        <\/p>\n                                                <div class=\"flex justify-center wow fadeInUp\" data-wow-delay=\"0.2s\">\n                            <div class=\"wrap\">\n                                <div class=\"date-wrap\">\n                                    <p>\n                                        <span class=\"tf-ani-tada\">\n                                            <i class=\"icon-clock\"><\/i>                                        <\/span>\n                                        Sekcja w budowie                                    <\/p>\n                                <\/div>\n                            <\/div>\n                        <\/div>\n                                            <\/div>\n                <\/div>\n                                            <\/div>\n                                            <\/div>\n    <\/div>\n<\/section><!-- End Privacy -->\n\n\n    \t\t\t\t<\/div>\n\t\t\t\t<\/div>\n\t\t\t\t<\/div>\n\t\t<div class=\"elementor-element elementor-element-7298369 e-con-full e-flex e-con e-parent\" data-id=\"7298369\" data-element_type=\"container\">\n\t\t\t\t<div class=\"elementor-element elementor-element-66b1fac elementor-widget elementor-widget-homecta\" data-id=\"66b1fac\" data-element_type=\"widget\" data-widget_type=\"homecta.default\">\n\t\t\t\t<div class=\"elementor-widget-container\">\n\t\t\t\t\t\n<!-- Start Cta-->\n<section class=\"s-cta\">\n    <div class=\"relative z-5\">\n        <div class=\"tf-container\">\n            <div class=\"row\">\n                <div class=\"col-xxl-12\">\n                    <div class=\"s-heading style-2 mb-0\">\n                        <h1 class=\"s-title text-center mb-18 wow fadeInUp\" data-wow-delay=\"0s\">\n                            Zmniejsz wydatki Twojej firmy.\n                        <\/h1>\n                        <p class=\"text text-center text-type-2 wow fadeInUp\" data-wow-delay=\"0s\">\n                            Wsp\u00f3\u0142pracujemy z Automatykami, Dzia\u0142ami UR, Dyrektorami Produkcji oraz W\u0142a\u015bcicielami firm w ca\u0142ej Polsce \u2013 dostarczaj\u0105c rozwi\u0105zania tam, gdzie liczy si\u0119 niezawodno\u015b\u0107 i efektywno\u015b\u0107.\n\n                        <\/p>\n                        <div class=\"flex justify-center wow fadeInUp\" data-wow-delay=\"0s\">\n                                                        <a  href=\"https:\/\/itechelectronics.pl\/?page_id=3115\" class=\"tf-btn style-5\">\n                                <div class=\"btn-text\">\n                                    <span> Skontaktuj si\u0119 <\/span>\n                                <\/div>\n                            <\/a>\n                                                    <\/div>\n                    <\/div>\n                <\/div>\n            <\/div>\n        <\/div>\n    <\/div>\n\n    <span class=\"s-img-item bloom style-6 item-1\"><\/span>\n    <span class=\"s-img-item bloom item-2\"><\/span>\n    <div class=\"tf-overlay overflow-hidden\">\n        <span class=\"s-img-item bottom item-3\">\n            <img decoding=\"async\" src=\"https:\/\/itechelectronics.pl\/wp-content\/uploads\/2024\/12\/net-4.png\" alt=\"\">\n        <\/span>\n        <span class=\"s-img-item bottom item-4\">\n            <span class=\"eclip-1\"><\/span>\n            <span class=\"eclip-2\"><\/span>\n        <\/span>\n    <\/div>\n        <span class=\"line\"><\/span>\n    <\/section>\n<!-- End Cta -->\n\n\n    \t\t\t\t<\/div>\n\t\t\t\t<\/div>\n\t\t\t\t<\/div>\n\t\t\t\t<\/div>\n\t\t","protected":false},"excerpt":{"rendered":"<p>Privacy Policy See how we protect your information and ensure your privacy policy. Sekcja w budowie Zmniejsz wydatki Twojej firmy. Wsp\u00f3\u0142pracujemy z Automatykami, Dzia\u0142ami UR, Dyrektorami Produkcji oraz W\u0142a\u015bcicielami firm w ca\u0142ej Polsce \u2013 dostarczaj\u0105c rozwi\u0105zania tam, gdzie liczy si\u0119 niezawodno\u015b\u0107 i efektywno\u015b\u0107. Skontaktuj si\u0119<\/p>\n","protected":false},"author":1,"featured_media":0,"parent":0,"menu_order":6,"comment_status":"closed","ping_status":"closed","template":"page-templates\/privacy.php","meta":{"om_disable_all_campaigns":false,"_monsterinsights_skip_tracking":false,"_monsterinsights_sitenote_active":false,"_monsterinsights_sitenote_note":"","_monsterinsights_sitenote_category":0,"footnotes":""},"class_list":["post-3524","page","type-page","status-publish","hentry"],"aioseo_notices":[],"_links":{"self":[{"href":"https:\/\/itechelectronics.pl\/index.php?rest_route=\/wp\/v2\/pages\/3524","targetHints":{"allow":["GET"]}}],"collection":[{"href":"https:\/\/itechelectronics.pl\/index.php?rest_route=\/wp\/v2\/pages"}],"about":[{"href":"https:\/\/itechelectronics.pl\/index.php?rest_route=\/wp\/v2\/types\/page"}],"author":[{"embeddable":true,"href":"https:\/\/itechelectronics.pl\/index.php?rest_route=\/wp\/v2\/users\/1"}],"replies":[{"embeddable":true,"href":"https:\/\/itechelectronics.pl\/index.php?rest_route=%2Fwp%2Fv2%2Fcomments&post=3524"}],"version-history":[{"count":9,"href":"https:\/\/itechelectronics.pl\/index.php?rest_route=\/wp\/v2\/pages\/3524\/revisions"}],"predecessor-version":[{"id":5782,"href":"https:\/\/itechelectronics.pl\/index.php?rest_route=\/wp\/v2\/pages\/3524\/revisions\/5782"}],"wp:attachment":[{"href":"https:\/\/itechelectronics.pl\/index.php?rest_route=%2Fwp%2Fv2%2Fmedia&parent=3524"}],"curies":[{"name":"wp","href":"https:\/\/api.w.org\/{rel}","templated":true}]}}