{"id":3483,"date":"2025-01-08T10:15:10","date_gmt":"2025-01-08T10:15:10","guid":{"rendered":"https:\/\/wpriverthemes.com\/nexux\/?page_id=3483"},"modified":"2025-06-26T23:47:19","modified_gmt":"2025-06-26T21:47:19","slug":"technologia","status":"publish","type":"page","link":"https:\/\/itechelectronics.pl\/?page_id=3483","title":{"rendered":"Technologia"},"content":{"rendered":"\t\t<div data-elementor-type=\"wp-page\" data-elementor-id=\"3483\" class=\"elementor elementor-3483\">\n\t\t\t\t<div class=\"elementor-element elementor-element-10826df e-con-full e-flex e-con e-parent\" data-id=\"10826df\" data-element_type=\"container\">\n\t\t\t\t<div class=\"elementor-element elementor-element-ea22bb4 elementor-widget elementor-widget-innerpagehelp\" data-id=\"ea22bb4\" data-element_type=\"widget\" data-widget_type=\"innerpagehelp.default\">\n\t\t\t\t<div class=\"elementor-widget-container\">\n\t\t\t\t\t\n<!-- Section-help-center -->\n<section class=\"s-help-center\">\n    <div class=\"tf-container\">\n        <div class=\"row\">\n            <div class=\"col-xxl-12\">\n                                <div class=\"s-heading\">\n                    <span class=\"bloom\"><\/span>\n                    <div class=\"relative z-5\">\n                        <div class=\"s-sub-title center\">\n                            <img decoding=\"async\" src=\"https:\/\/wpriverthemes.com\/nexux\/wp-content\/themes\/nexux\/icons\/sub-title-left.svg\" alt=\"subtitle\"><p>Technologia<\/p><img decoding=\"async\" src=\"https:\/\/wpriverthemes.com\/nexux\/wp-content\/themes\/nexux\/icons\/sub-title-right.svg\" alt=\"subtitle\">                        <\/div>\n                        <h1 class=\"s-title text-center wow  fadeInUp\" data-wow-delay=\"0s\">\n                            Poznaj nasze rozwi\u0105zania dla przemys\u0142u                        <\/h1>\n                        <p class=\"text text-center wow  fadeInUp\" data-wow-delay=\"0.1s\">\n                            Odkryj, co technologia mo\u017ce zrobi\u0107 dla Twojej firmy.\n\n                        <\/p>\n                    <\/div>\n                <\/div>\n                \n                \n                                <div class=\"support-list grid-layout-4\">\n                                        <div class=\"wg-box style-2\">\n                        <span class=\"tf-overlay d-block\">\n                            <span class=\"bloom stle-2\"><\/span>\n                        <\/span>\n                        <div class=\"relative z-5\">\n                            <p class=\"type sub-heading color-text-3 fw-6\">\n                                Termografia                            <\/p>\n                            <p class=\"sub-type body-3 color-text-2\">\n                                Skanujemy problemy. Dos\u0142ownie i naprawd\u0119.\n\n                            <\/p>\n                            <a  href=\"https:\/\/itechelectronics.pl\/?page_id=3393\" class=\"btn-view-article\">\n                                Wi\u0119cej...                                        <span class=\"tf-overlay d-block\"><\/span>\n                                        <div class=\"icon style-square\">\n                                            <i class=\"icon-user-plus\"><\/i>                                <\/div>\n                            <\/a>\n                        <\/div>\n                    <\/div>\n                                        <div class=\"wg-box style-2\">\n                        <span class=\"tf-overlay d-block\">\n                            <span class=\"bloom stle-2\"><\/span>\n                        <\/span>\n                        <div class=\"relative z-5\">\n                            <p class=\"type sub-heading color-text-3 fw-6\">\n                                Program serwisowy L3                            <\/p>\n                            <p class=\"sub-type body-3 color-text-2\">\n                                Zaawansowany proces. Proste oszcz\u0119dno\u015bci dla firm.\n\n                            <\/p>\n                            <a  href=\"https:\/\/itechelectronics.pl\/?page_id=4788\" class=\"btn-view-article\">\n                                Wi\u0119cej...                                        <span class=\"tf-overlay d-block\"><\/span>\n                                        <div class=\"icon style-square\">\n                                            <i class=\"icon-chart-right\"><\/i>                                <\/div>\n                            <\/a>\n                        <\/div>\n                    <\/div>\n                                        <div class=\"wg-box style-2\">\n                        <span class=\"tf-overlay d-block\">\n                            <span class=\"bloom stle-2\"><\/span>\n                        <\/span>\n                        <div class=\"relative z-5\">\n                            <p class=\"type sub-heading color-text-3 fw-6\">\n                                Reverse Engineering                            <\/p>\n                            <p class=\"sub-type body-3 color-text-2\">\n                                My\u015blimy jak projektant, dzia\u0142amy jak serwisant.\n\n                            <\/p>\n                            <a  href=\"https:\/\/itechelectronics.pl\/?page_id=4844\" class=\"btn-view-article\">\n                                Wi\u0119cej...                                        <span class=\"tf-overlay d-block\"><\/span>\n                                        <div class=\"icon style-square\">\n                                            <i class=\"icon-excel\"><\/i>                                <\/div>\n                            <\/a>\n                        <\/div>\n                    <\/div>\n                                        <div class=\"wg-box style-2\">\n                        <span class=\"tf-overlay d-block\">\n                            <span class=\"bloom stle-2\"><\/span>\n                        <\/span>\n                        <div class=\"relative z-5\">\n                            <p class=\"type sub-heading color-text-3 fw-6\">\n                                Mikrolutowanie                            <\/p>\n                            <p class=\"sub-type body-3 color-text-2\">\n                                Precyzyjna robota. No i pot\u0119\u017cny efekt.\n\n                            <\/p>\n                            <a  href=\"https:\/\/itechelectronics.pl\/?page_id=4846\" class=\"btn-view-article\">\n                                Wi\u0119cej...                                        <span class=\"tf-overlay d-block\"><\/span>\n                                        <div class=\"icon style-square\">\n                                            <i class=\"icon-arrow-line\"><\/i>                                <\/div>\n                            <\/a>\n                        <\/div>\n                    <\/div>\n                                        <div class=\"wg-box style-2\">\n                        <span class=\"tf-overlay d-block\">\n                            <span class=\"bloom stle-2\"><\/span>\n                        <\/span>\n                        <div class=\"relative z-5\">\n                            <p class=\"type sub-heading color-text-3 fw-6\">\n                                Elektronika maszynowa                            <\/p>\n                            <p class=\"sub-type body-3 color-text-2\">\n                                Z nami Tw\u00f3j park maszynowy dzia\u0142a bez zak\u0142\u00f3ce\u0144.                            <\/p>\n                            <a  href=\"https:\/\/itechelectronics.pl\/?page_id=4849\" class=\"btn-view-article\">\n                                Wi\u0119cej...                                        <span class=\"tf-overlay d-block\"><\/span>\n                                        <div class=\"icon style-square\">\n                                            <i class=\"icon-arrow-line\"><\/i>                                <\/div>\n                            <\/a>\n                        <\/div>\n                    <\/div>\n                                        <div class=\"wg-box style-2\">\n                        <span class=\"tf-overlay d-block\">\n                            <span class=\"bloom stle-2\"><\/span>\n                        <\/span>\n                        <div class=\"relative z-5\">\n                            <p class=\"type sub-heading color-text-3 fw-6\">\n                                Panele operatorskie HMI                            <\/p>\n                            <p class=\"sub-type body-3 color-text-2\">\n                                Odzyskaj pe\u0142n\u0105 kontrol\u0119 nad maszyn\u0105.                            <\/p>\n                            <a  href=\"https:\/\/itechelectronics.pl\/?page_id=4851\" class=\"btn-view-article\">\n                                Wi\u0119cej...                                        <span class=\"tf-overlay d-block\"><\/span>\n                                        <div class=\"icon style-square\">\n                                            <i class=\"icon-arrow-line\"><\/i>                                <\/div>\n                            <\/a>\n                        <\/div>\n                    <\/div>\n                                        <div class=\"wg-box style-2\">\n                        <span class=\"tf-overlay d-block\">\n                            <span class=\"bloom stle-2\"><\/span>\n                        <\/span>\n                        <div class=\"relative z-5\">\n                            <p class=\"type sub-heading color-text-3 fw-6\">\n                                P\u0142yty g\u0142\u00f3wne                            <\/p>\n                            <p class=\"sub-type body-3 color-text-2\">\n                                Naprawiamy to, co inni wymieniaj\u0105 na nowe.                            <\/p>\n                            <a  href=\"https:\/\/itechelectronics.pl\/?page_id=4864\" class=\"btn-view-article\">\n                                Wi\u0119cej...                                        <span class=\"tf-overlay d-block\"><\/span>\n                                        <div class=\"icon style-square\">\n                                            <i class=\"icon-arrow-line\"><\/i>                                <\/div>\n                            <\/a>\n                        <\/div>\n                    <\/div>\n                                        <div class=\"wg-box style-2\">\n                        <span class=\"tf-overlay d-block\">\n                            <span class=\"bloom stle-2\"><\/span>\n                        <\/span>\n                        <div class=\"relative z-5\">\n                            <p class=\"type sub-heading color-text-3 fw-6\">\n                                Systemy steruj\u0105ce                            <\/p>\n                            <p class=\"sub-type body-3 color-text-2\">\n                                Przywracamy kontrol\u0119 nad automatyk\u0105 przemys\u0142ow\u0105.                            <\/p>\n                            <a  href=\"https:\/\/itechelectronics.pl\/?page_id=4853\" class=\"btn-view-article\">\n                                Wi\u0119cej...                                        <span class=\"tf-overlay d-block\"><\/span>\n                                        <div class=\"icon style-square\">\n                                            <i class=\"icon-arrow-line\"><\/i>                                <\/div>\n                            <\/a>\n                        <\/div>\n                    <\/div>\n                                    <\/div>\n                            <\/div>\n        <\/div>\n    <\/div>\n\n    <div class=\"tf-overlay\">\n        <span class=\"s-img-item bottom item-3\">\n            <img decoding=\"async\" src=\"https:\/\/itechelectronics.pl\/wp-content\/uploads\/2024\/12\/net-4.png\" alt=\"\">\n        <\/span>\n        <span class=\"s-img-item bottom item-4\">\n            <span class=\"eclip-1\"><\/span>\n            <span class=\"eclip-2\"><\/span>\n        <\/span>\n        <span class=\"line type-bottom default\"><\/span>\n    <\/div>\n<\/section><!-- \/.Section-help-center -->\n\n\n    \t\t\t\t<\/div>\n\t\t\t\t<\/div>\n\t\t\t\t<\/div>\n\t\t\t\t<\/div>\n\t\t","protected":false},"excerpt":{"rendered":"<p>Technologia Poznaj nasze rozwi\u0105zania dla przemys\u0142u Odkryj, co technologia mo\u017ce zrobi\u0107 dla Twojej firmy. Termografia Skanujemy problemy. Dos\u0142ownie i naprawd\u0119. Wi\u0119cej&#8230; Program serwisowy L3 Zaawansowany proces. Proste oszcz\u0119dno\u015bci dla firm. Wi\u0119cej&#8230; Reverse Engineering My\u015blimy jak projektant, dzia\u0142amy jak serwisant. Wi\u0119cej&#8230; Mikrolutowanie Precyzyjna robota. No i pot\u0119\u017cny efekt. Wi\u0119cej&#8230; Elektronika maszynowa Z nami Tw\u00f3j park maszynowy [&hellip;]<\/p>\n","protected":false},"author":1,"featured_media":0,"parent":0,"menu_order":3,"comment_status":"closed","ping_status":"closed","template":"page-templates\/help.php","meta":{"om_disable_all_campaigns":false,"_monsterinsights_skip_tracking":false,"_monsterinsights_sitenote_active":false,"_monsterinsights_sitenote_note":"","_monsterinsights_sitenote_category":0,"footnotes":""},"class_list":["post-3483","page","type-page","status-publish","hentry"],"aioseo_notices":[],"_links":{"self":[{"href":"https:\/\/itechelectronics.pl\/index.php?rest_route=\/wp\/v2\/pages\/3483","targetHints":{"allow":["GET"]}}],"collection":[{"href":"https:\/\/itechelectronics.pl\/index.php?rest_route=\/wp\/v2\/pages"}],"about":[{"href":"https:\/\/itechelectronics.pl\/index.php?rest_route=\/wp\/v2\/types\/page"}],"author":[{"embeddable":true,"href":"https:\/\/itechelectronics.pl\/index.php?rest_route=\/wp\/v2\/users\/1"}],"replies":[{"embeddable":true,"href":"https:\/\/itechelectronics.pl\/index.php?rest_route=%2Fwp%2Fv2%2Fcomments&post=3483"}],"version-history":[{"count":82,"href":"https:\/\/itechelectronics.pl\/index.php?rest_route=\/wp\/v2\/pages\/3483\/revisions"}],"predecessor-version":[{"id":5743,"href":"https:\/\/itechelectronics.pl\/index.php?rest_route=\/wp\/v2\/pages\/3483\/revisions\/5743"}],"wp:attachment":[{"href":"https:\/\/itechelectronics.pl\/index.php?rest_route=%2Fwp%2Fv2%2Fmedia&parent=3483"}],"curies":[{"name":"wp","href":"https:\/\/api.w.org\/{rel}","templated":true}]}}