{"id":3393,"date":"2025-01-08T05:43:12","date_gmt":"2025-01-08T05:43:12","guid":{"rendered":"https:\/\/wpriverthemes.com\/nexux\/?page_id=3393"},"modified":"2025-06-26T23:51:37","modified_gmt":"2025-06-26T21:51:37","slug":"article-detail","status":"publish","type":"page","link":"https:\/\/itechelectronics.pl\/?page_id=3393","title":{"rendered":"Termografia"},"content":{"rendered":"\t\t<div data-elementor-type=\"wp-page\" data-elementor-id=\"3393\" class=\"elementor elementor-3393\">\n\t\t\t\t<div class=\"elementor-element elementor-element-b1d0a81 e-con-full e-flex e-con e-parent\" data-id=\"b1d0a81\" data-element_type=\"container\">\n\t\t\t\t<div class=\"elementor-element elementor-element-300a0f3 elementor-widget elementor-widget-innerpagearticledetail\" data-id=\"300a0f3\" data-element_type=\"widget\" data-widget_type=\"innerpagearticledetail.default\">\n\t\t\t\t<div class=\"elementor-widget-container\">\n\t\t\t\t\t\n<!-- Start Article -->\n<section class=\"s-article article-detail\">\n    <div class=\"tf-container\">\n        <div class=\"row\">\n            <div class=\"col-xxl-12\">\n                                <div class=\"s-heading style-2 mb-60\">\n                    <div class=\"s-sub-title mb-6\">\n                        <img decoding=\"async\" src=\"https:\/\/wpriverthemes.com\/nexux\/wp-content\/themes\/nexux\/icons\/sub-title-left.svg\" alt=\"subtitle\"><p>Technologia<\/p><img decoding=\"async\" src=\"https:\/\/wpriverthemes.com\/nexux\/wp-content\/themes\/nexux\/icons\/sub-title-right.svg\" alt=\"subtitle\">                    <\/div>\n                    <h1 class=\"s-title mb-22 wow fadeInUp\" data-wow-delay=\"0s\">Termografia<\/h1>\n                    <p class=\"text wow fadeInUp\" data-wow-delay=\"0.1s\">\n                        Skanujemy problemy. Dos\u0142ownie.                    <\/p>\n                <\/div>\n                                <div class=\"content-inner type-2 relative z-5\">\n                                        <div class=\"breadcrums wow fadeInUp\" data-wow-delay=\"0s\">\n                        <a  href=\"https:\/\/itechelectronics.pl\/?page_id=3483\"> Technologia <\/a>\n                        <div class=\"icon\">\n                            <i class=\"icon-chervo-right\"><\/i>\n                        <\/div>\n                        <h6> Termografia <\/h6>\n                    <\/div>\n                    \n                                    <\/div>\n                \n                <div class=\"content wow fadeInUp\" data-wow-delay=\"0s\">\n                                        <p class=\"title\">Czym jest termografia?<\/p>\n                    <p class=\"text s1\">\n                        Termografia jest technik\u0105 rejestracji obraz\u00f3w, polegaj\u0105c\u0105 na detekcji promieniowania w pa\u015bmie podczerwieni i w efekcie zamianie go na obraz widzialny dla u\u017cytkownika. Daje to mo\u017cliwo\u015b\u0107 ocenienia rozk\u0142adu temperatur oraz ich warto\u015bci na powierzchni badanego obiektu lub obszaru. Pocz\u0105tkowo technologia ta wykorzystywana by\u0142a na potrzeby militarne w systemach naprowadzania \/ \u015bledzenia, by w latach 70 XX w. wej\u015b\u0107 na rynek cywilny (budownictwo, przemys\u0142, o\u015brodki badawcze).                    <\/p>\n                                                                                 <p class=\"mini-title s1\">Termografia w iTech Electronics<\/p>\n                    <p class=\"text s2\">\n                        Zwarcia na p\u0142ycie g\u0142\u00f3wnej zwi\u0105zane s\u0105 najcz\u0119\u015bciej z punktowym wzrostem temperatury, wyst\u0119puj\u0105cym po kr\u00f3tkim czasie. Proces ten, z uwagi na powy\u017csz\u0105 charakterystyk\u0119, jest niedostrzegalny dla cz\u0142owieka. St\u0105d kamera termowizyjna we wsp\u00f3\u0142czesnym serwisie pe\u0142ni kluczow\u0105 rol\u0119.\n\nDzi\u0119ki jako\u015bci obrazu, czu\u0142o\u015bci oraz cz\u0119stotliwo\u015bci od\u015bwie\u017cania, pozwala radykalnie zmniejszy\u0107 sektor poszukiwa\u0144, a nawet celnie namierzy\u0107 uszkodzony komponent na p\u0142ycie g\u0142\u00f3wnej. Skutkuje to blisko 80% skr\u00f3ceniem czasu potrzebnego na dokonanie diagnostyki Twojego urz\u0105dzenia, oraz ma wp\u0142yw na obni\u017cenie koszt\u00f3w obs\u0142ugi serwisowej.                    <\/p>\n                    <ul class=\"benefit-list s1\">\n                                            <\/ul>\n                                        <div class=\"entry-image s1 tf-hover\">\n                        <div class=\"hover-1\">\n                            <img decoding=\"async\" src=\"https:\/\/itechelectronics.pl\/wp-content\/uploads\/2025\/06\/10.jpg\" alt=\"\" class=\"lazyload\">\n                        <\/div>\n                    <\/div>\n                                                            <p class=\"mini-title s1\">Czym dysponujemy?<\/p>\n                    <p class=\"text s2\">\n                        Zaawansowane naprawy wymagaj\u0105 zaawansowanego parku narz\u0119dziowego. Z tego wzgl\u0119du zdecydowali\u015bmy si\u0119 na produkt zaprojektowany przez lidera \u015bwiatowego rynku urz\u0105dze\u0144 termowizyjnych, kamer\u0119 FLIR A35. Firma FLIR dzia\u0142a w przemy\u015ble zbrojeniowym i kosmicznym, dostarczaj\u0105c najnowocze\u015bniejsze rozwi\u0105zania technologiczne. Jako ciekawostk\u0119 mo\u017cna poda\u0107 fakt, \u017ce w 2020 roku, a\u017c 31% jej przychod\u00f3w pochodzi\u0142o od rz\u0105du federalnego Stan\u00f3w Zjednoczonych i jego agencji.\n\n\nFLIR A35 tworzy wysokiej jako\u015bci obrazy termiczne o rozdzielczo\u015bci 81 920 pikseli, kt\u00f3re mog\u0105 pokaza\u0107 r\u00f3\u017cnice temperatur rz\u0119du 50 mK. \n\n                    <\/p>\n                    <ul class=\"benefit-list s1\">\n                        <li>\n<div class=\"icon\">\n<i class=\"icon-flare\"><\/i>\n<\/div>\n<p>\nRozdzielczo\u015b\u0107 detektora 320x256 pikseli\n\n<\/p>\n<\/li>\n<li>\n<div class=\"icon\">\n<i class=\"icon-flare\"><\/i>\n<\/div>\n<p>\nCzu\u0142o\u015b\u0107 termiczna (NETD) <0,05\u00b0C @ 30\u00b0C (50 mK)\n<\/p>\n<\/li>\n<li>\n<div class=\"icon\">\n<i class=\"icon-flare\"><\/i>\n<\/div>\n<p>\nPole widzenia (FOV) 69\u00b0x56\u00b0\n<\/p>\n<\/li>\n<li>\n<div class=\"icon\">\n<i class=\"icon-flare\"><\/i>\n<\/div>\n<p>\nMinimalna odleg\u0142o\u015b\u0107 ostro\u015bci 3,2 cm\n<\/p>\n<\/li>\n<li>\n<div class=\"icon\">\n<i class=\"icon-flare\"><\/i>\n<\/div>\n<p>\nD\u0142ugo\u015b\u0107 ogniskowej 9 mm\n<\/p>\n<\/li>\n<li>\n<div class=\"icon\">\n<i class=\"icon-flare\"><\/i>\n<\/div>\n<p>\nRozdzielczo\u015b\u0107 przestrzenna (IFOV) 3,8 mRad\n<\/p>\n<\/li>\n<li>\n<div class=\"icon\">\n<i class=\"icon-flare\"><\/i>\n<\/div>\n<p>\nF-numer 1,4\n<\/p>\n<\/li>\n<li>\n<div class=\"icon\">\n<i class=\"icon-flare\"><\/i>\n<\/div>\n<p>\nDetektor - niech\u0142odzony mikrobolometr, VOx<\/p>\n<\/li>                    <\/ul>\n                                                            <p class=\"mini-title s1\"><\/p>\n                    <p class=\"text s2\">\n                                            <\/p>\n                    <ul class=\"benefit-list s1\">\n                                            <\/ul>\n                                        <div class=\"entry-image s1 tf-hover\">\n                        <div class=\"hover-1\">\n                            <img decoding=\"async\" src=\"https:\/\/itechelectronics.pl\/wp-content\/uploads\/2025\/06\/1.jpg\" alt=\"\" class=\"lazyload\">\n                        <\/div>\n                    <\/div>\n                                                            \n                                    <\/div>\n                \n            <\/div>\n        <\/div>\n    <\/div>\n    <span class=\"bloom style-6 item-1\"><\/span>\n    <div class=\"s-img-item item-1\">\n        <img decoding=\"async\" src=\"https:\/\/itechelectronics.pl\/wp-content\/uploads\/2024\/12\/net-9.png\" alt=\"\" class=\"lazyload\">\n    <\/div>\n    <div class=\"s-img-item item-2\">\n        <img decoding=\"async\" src=\"https:\/\/itechelectronics.pl\/wp-content\/uploads\/2024\/12\/net-10.png\" alt=\"\" class=\"lazyload\">\n    <\/div>\n\n    <div class=\"s-item item-1\">\n        <span class=\"bloom\"><\/span>\n        <img decoding=\"async\" src=\"https:\/\/itechelectronics.pl\/wp-content\/uploads\/2025\/01\/net-12.png\" alt=\"\">\n    <\/div>\n    <div class=\"s-item item-2\">\n        <span class=\"bloom\"><\/span>\n        <img decoding=\"async\" src=\"https:\/\/itechelectronics.pl\/wp-content\/uploads\/2025\/01\/net-13.png\" alt=\"\">\n    <\/div>\n    <div class=\"s-item item-3\">\n        <span class=\"bloom\"><\/span>\n        <img decoding=\"async\" src=\"https:\/\/itechelectronics.pl\/wp-content\/uploads\/2025\/01\/net-13.png\" alt=\"\">\n    <\/div>\n<\/section>\n<!-- End Article -->\n\n\n    \t\t\t\t<\/div>\n\t\t\t\t<\/div>\n\t\t\t\t<\/div>\n\t\t<div class=\"elementor-element elementor-element-6b8f550 e-con-full e-flex e-con e-parent\" data-id=\"6b8f550\" data-element_type=\"container\">\n\t\t\t\t<div class=\"elementor-element elementor-element-a75711e elementor-widget elementor-widget-homecta\" data-id=\"a75711e\" data-element_type=\"widget\" data-widget_type=\"homecta.default\">\n\t\t\t\t<div class=\"elementor-widget-container\">\n\t\t\t\t\t\n<!-- Start Cta-->\n<section class=\"s-cta\">\n    <div class=\"relative z-5\">\n        <div class=\"tf-container\">\n            <div class=\"row\">\n                <div class=\"col-xxl-12\">\n                    <div class=\"s-heading style-2 mb-0\">\n                        <h1 class=\"s-title text-center mb-18 wow fadeInUp\" data-wow-delay=\"0s\">\n                            Zmniejsz wydatki Twojej firmy.\n                        <\/h1>\n                        <p class=\"text text-center text-type-2 wow fadeInUp\" data-wow-delay=\"0s\">\n                            Wsp\u00f3\u0142pracujemy z Automatykami, Dzia\u0142ami UR, Dyrektorami Produkcji oraz W\u0142a\u015bcicielami firm w ca\u0142ej Polsce \u2013 dostarczaj\u0105c rozwi\u0105zania tam, gdzie liczy si\u0119 niezawodno\u015b\u0107 i efektywno\u015b\u0107.\n\n                        <\/p>\n                        <div class=\"flex justify-center wow fadeInUp\" data-wow-delay=\"0s\">\n                                                        <a  href=\"https:\/\/itechelectronics.pl\/?page_id=3115\" class=\"tf-btn style-5\">\n                                <div class=\"btn-text\">\n                                    <span> Skontaktuj si\u0119 <\/span>\n                                <\/div>\n                            <\/a>\n                                                    <\/div>\n                    <\/div>\n                <\/div>\n            <\/div>\n        <\/div>\n    <\/div>\n\n    <span class=\"s-img-item bloom style-6 item-1\"><\/span>\n    <span class=\"s-img-item bloom item-2\"><\/span>\n    <div class=\"tf-overlay overflow-hidden\">\n        <span class=\"s-img-item bottom item-3\">\n            <img decoding=\"async\" src=\"https:\/\/itechelectronics.pl\/wp-content\/uploads\/2024\/12\/net-4.png\" alt=\"\">\n        <\/span>\n        <span class=\"s-img-item bottom item-4\">\n            <span class=\"eclip-1\"><\/span>\n            <span class=\"eclip-2\"><\/span>\n        <\/span>\n    <\/div>\n        <span class=\"line\"><\/span>\n    <\/section>\n<!-- End Cta -->\n\n\n    \t\t\t\t<\/div>\n\t\t\t\t<\/div>\n\t\t\t\t<\/div>\n\t\t\t\t<\/div>\n\t\t","protected":false},"excerpt":{"rendered":"<p>Technologia Termografia Skanujemy problemy. Dos\u0142ownie. Technologia Termografia Czym jest termografia? Termografia jest technik\u0105 rejestracji obraz\u00f3w, polegaj\u0105c\u0105 na detekcji promieniowania w pa\u015bmie podczerwieni i w efekcie zamianie go na obraz widzialny dla u\u017cytkownika. Daje to mo\u017cliwo\u015b\u0107 ocenienia rozk\u0142adu temperatur oraz ich warto\u015bci na powierzchni badanego obiektu lub obszaru. Pocz\u0105tkowo technologia ta wykorzystywana by\u0142a na potrzeby militarne [&hellip;]<\/p>\n","protected":false},"author":1,"featured_media":0,"parent":0,"menu_order":0,"comment_status":"closed","ping_status":"closed","template":"page-templates\/article-detail.php","meta":{"om_disable_all_campaigns":false,"_monsterinsights_skip_tracking":false,"_monsterinsights_sitenote_active":false,"_monsterinsights_sitenote_note":"","_monsterinsights_sitenote_category":0,"footnotes":""},"class_list":["post-3393","page","type-page","status-publish","hentry"],"aioseo_notices":[],"_links":{"self":[{"href":"https:\/\/itechelectronics.pl\/index.php?rest_route=\/wp\/v2\/pages\/3393","targetHints":{"allow":["GET"]}}],"collection":[{"href":"https:\/\/itechelectronics.pl\/index.php?rest_route=\/wp\/v2\/pages"}],"about":[{"href":"https:\/\/itechelectronics.pl\/index.php?rest_route=\/wp\/v2\/types\/page"}],"author":[{"embeddable":true,"href":"https:\/\/itechelectronics.pl\/index.php?rest_route=\/wp\/v2\/users\/1"}],"replies":[{"embeddable":true,"href":"https:\/\/itechelectronics.pl\/index.php?rest_route=%2Fwp%2Fv2%2Fcomments&post=3393"}],"version-history":[{"count":44,"href":"https:\/\/itechelectronics.pl\/index.php?rest_route=\/wp\/v2\/pages\/3393\/revisions"}],"predecessor-version":[{"id":5758,"href":"https:\/\/itechelectronics.pl\/index.php?rest_route=\/wp\/v2\/pages\/3393\/revisions\/5758"}],"wp:attachment":[{"href":"https:\/\/itechelectronics.pl\/index.php?rest_route=%2Fwp%2Fv2%2Fmedia&parent=3393"}],"curies":[{"name":"wp","href":"https:\/\/api.w.org\/{rel}","templated":true}]}}