{"id":3115,"date":"2025-01-03T10:08:53","date_gmt":"2025-01-03T10:08:53","guid":{"rendered":"https:\/\/wpriverthemes.com\/nexux\/?page_id=3115"},"modified":"2026-04-06T14:03:25","modified_gmt":"2026-04-06T12:03:25","slug":"kontakt","status":"publish","type":"page","link":"https:\/\/itechelectronics.pl\/?page_id=3115","title":{"rendered":"Kontakt"},"content":{"rendered":"\t\t<div data-elementor-type=\"wp-page\" data-elementor-id=\"3115\" class=\"elementor elementor-3115\">\n\t\t\t\t<div class=\"elementor-element elementor-element-bc62a7c e-con-full e-flex e-con e-parent\" data-id=\"bc62a7c\" data-element_type=\"container\">\n\t\t\t\t<div class=\"elementor-element elementor-element-aaee32a elementor-widget elementor-widget-innerpagecontact\" data-id=\"aaee32a\" data-element_type=\"widget\" data-widget_type=\"innerpagecontact.default\">\n\t\t\t\t<div class=\"elementor-widget-container\">\n\t\t\t\t\t\n<!-- Img Item -->\n<div class=\"main-img-item item-1\">\n    <img decoding=\"async\" src=\"\" alt=\"\">\n<\/div>\n<div class=\"main-img-item item-2\">\n    <span class=\"bloom\"><\/span>\n<\/div>\n<!-- \/.Img Item -->\n\n<!-- Section-contact -->\n<section class=\"s-contact\">\n    <div class=\"tf-container relative z-5\">\n        <div class=\"row\">\n            <div class=\"col-xxl-12\">\n                                <div class=\"s-heading\">\n                    <div class=\"relative z-5\">\n                        <div class=\"s-sub-title center\">\n                            <img decoding=\"async\" src=\"https:\/\/wpriverthemes.com\/nexux\/wp-content\/themes\/nexux\/icons\/sub-title-left.svg\" alt=\"subtitle\"><p>Kontakt<\/p><img decoding=\"async\" src=\"https:\/\/wpriverthemes.com\/nexux\/wp-content\/themes\/nexux\/icons\/sub-title-right.svg\" alt=\"subtitle\">                        <\/div>\n                        <h1 class=\"s-title text-center wow fadeInUp\" data-wow-delay=\"0s\">\n                            Zapraszamy do wsp\u00f3\u0142pracy                        <\/h1>\n                        <p class=\"text text-center text-default wow fadeInUp\" data-wow-delay=\"0.1s\">W przypadku konieczno\u015bci przes\u0142ania za\u0142\u0105cznik\u00f3w, prosimy o bezpo\u015bredni kontakt mailowy.<\/p>\n                    <\/div>\n                <\/div>\n                                <div class=\"wow fadeInUp\" data-wow-delay=\"0.2s\">\n                    <div id=\"contactform\" class=\"form_contact style-3\">\n                    \n<div class=\"wpcf7 no-js\" id=\"wpcf7-f3126-o1\" lang=\"en-US\" dir=\"ltr\" data-wpcf7-id=\"3126\">\n<div class=\"screen-reader-response\"><p role=\"status\" aria-live=\"polite\" aria-atomic=\"true\"><\/p> <ul><\/ul><\/div>\n<form action=\"\/index.php?rest_route=%2Fwp%2Fv2%2Fpages%2F3115#wpcf7-f3126-o1\" method=\"post\" class=\"wpcf7-form init\" aria-label=\"Contact form\" novalidate=\"novalidate\" data-status=\"init\">\n<fieldset class=\"hidden-fields-container\"><input type=\"hidden\" name=\"_wpcf7\" value=\"3126\" \/><input type=\"hidden\" name=\"_wpcf7_version\" value=\"6.1.5\" \/><input type=\"hidden\" name=\"_wpcf7_locale\" value=\"en_US\" \/><input type=\"hidden\" name=\"_wpcf7_unit_tag\" value=\"wpcf7-f3126-o1\" \/><input type=\"hidden\" name=\"_wpcf7_container_post\" value=\"0\" \/><input type=\"hidden\" name=\"_wpcf7_posted_data_hash\" value=\"\" \/>\n<\/fieldset>\n<fieldset class=\"mb-30\">\n\t<p><span class=\"wpcf7-form-control-wrap\" data-name=\"your-name\"><input size=\"40\" maxlength=\"400\" class=\"wpcf7-form-control wpcf7-text wpcf7-validates-as-required name\" aria-required=\"true\" aria-invalid=\"false\" placeholder=\"Imi\u0119\" value=\"\" type=\"text\" name=\"your-name\" \/><\/span>\n\t<\/p>\n<\/fieldset>\n<fieldset class=\"mb-30\">\n\t<p><span class=\"wpcf7-form-control-wrap\" data-name=\"email\"><input size=\"40\" maxlength=\"400\" class=\"wpcf7-form-control wpcf7-email wpcf7-validates-as-required wpcf7-text wpcf7-validates-as-email email\" id=\"email\" aria-required=\"true\" aria-invalid=\"false\" placeholder=\"E-mail\" value=\"\" type=\"email\" name=\"email\" \/><\/span>\n\t<\/p>\n<\/fieldset>\n<fieldset class=\"mb-30\">\n\t<p><span class=\"wpcf7-form-control-wrap\" data-name=\"tel\"><input size=\"40\" maxlength=\"12\" minlength=\"8\" class=\"wpcf7-form-control wpcf7-tel wpcf7-validates-as-required wpcf7-text wpcf7-validates-as-tel\" autocomplete=\"tel\" aria-required=\"true\" aria-invalid=\"false\" placeholder=\"Telefon\" value=\"\" type=\"tel\" name=\"tel\" \/><\/span>\n\t<\/p>\n<\/fieldset>\n<fieldset class=\"mb-30\">\n\t<p><span class=\"wpcf7-form-control-wrap\" data-name=\"nip\"><input size=\"40\" maxlength=\"12\" minlength=\"8\" class=\"wpcf7-form-control wpcf7-text wpcf7-validates-as-required\" aria-required=\"true\" aria-invalid=\"false\" placeholder=\"NIP\" value=\"\" type=\"text\" name=\"nip\" \/><\/span>\n\t<\/p>\n<\/fieldset>\n<fieldset class=\"mb-30\">\n\t<p><span class=\"wpcf7-form-control-wrap\" data-name=\"message\"><textarea cols=\"40\" rows=\"10\" maxlength=\"2000\" class=\"wpcf7-form-control wpcf7-textarea wpcf7-validates-as-required\" id=\"message\" aria-required=\"true\" aria-invalid=\"false\" placeholder=\"Tre\u015b\u0107 wiadomo\u015bci\" name=\"message\"><\/textarea><\/span>\n\t<\/p>\n<\/fieldset>\n<div class=\"send-wrap\">\n\t<p><button type=\"submit\" class=\"tf-btn w-full style-2 type-3 \"><br \/>\n<span class=\"tf-overlay s1\"><\/span><br \/>\n<span class=\"tf-overlay s2\"><\/span><br \/>\n<span class=\"btn-text\"><br \/>\n<span> Wy\u015blij <\/span><br \/>\n<\/span><br \/>\n<\/button>\n\t<\/p>\n<\/div><div class=\"wpcf7-response-output\" aria-hidden=\"true\"><\/div>\n<\/form>\n<\/div>\n                    <\/div>  \n                <\/div>  \n            <\/div>\n        <\/div>\n    <\/div>\n    <!-- S-item-bottom -->\n    <span class=\"s-img-item bottom item-3\">\n        <img decoding=\"async\" src=\"\" alt=\"\">\n    <\/span>\n    <span class=\"s-img-item bottom item-4\">\n        <span class=\"eclip-1\"><\/span>\n        <span class=\"eclip-2\"><\/span>\n    <\/span>\n    <!-- \/.S-item-bottom -->\n    <span class=\"line default type-bottom\"><\/span>\n<\/section><!-- \/.Section-contact -->\n\n\n    \t\t\t\t<\/div>\n\t\t\t\t<\/div>\n\t\t\t\t<\/div>\n\t\t<div class=\"elementor-element elementor-element-6c6c1db e-con-full e-flex e-con e-parent\" data-id=\"6c6c1db\" data-element_type=\"container\">\n\t\t\t\t<div class=\"elementor-element elementor-element-c5a0704 elementor-widget elementor-widget-homev2faq\" data-id=\"c5a0704\" data-element_type=\"widget\" data-widget_type=\"homev2faq.default\">\n\t\t\t\t<div class=\"elementor-widget-container\">\n\t\t\t\t\t\n<!-- Start Faq -->\n<section class=\"s-faq tf-spacing-4 overflow-hidden p-mob\">\n    <div class=\"s-img-item item-1\">\n        <img decoding=\"async\" src=\"https:\/\/itechelectronics.pl\/wp-content\/uploads\/2024\/12\/net-9.png\" alt=\"\" class=\"lazyload\">\n    <\/div>\n    <div class=\"s-img-item item-2\">\n        <img decoding=\"async\" src=\"https:\/\/itechelectronics.pl\/wp-content\/uploads\/2024\/12\/net-10.png\" alt=\"\" class=\"lazyload\">\n    <\/div>\n    <div class=\"tf-container\">\n        <div class=\"row\">\n            <div class=\"col-xxl-12\">\n                                <div class=\"s-heading style-2\">\n                    <div class=\"s-sub-title justify-center mb-6\">\n                        <img decoding=\"async\" src=\"https:\/\/wpriverthemes.com\/nexux\/wp-content\/themes\/nexux\/icons\/sub-title-left.svg\" alt=\"subtitle\"><p>FAQ<\/p><img decoding=\"async\" src=\"https:\/\/wpriverthemes.com\/nexux\/wp-content\/themes\/nexux\/icons\/sub-title-right.svg\" alt=\"subtitle\">                    <\/div>\n                    <h1 class=\"s-title text-center mb-6 wow fadeInUp\" data-wow-delay=\"0s\">\n                        Najcz\u0119\u015bciej zadawane pytania                    <\/h1>\n                    <p class=\"text text-center wow fadeInUp\" data-wow-delay=\"0s\">\n                                           <\/p>\n                <\/div>\n                                 <div class=\"tf-accordion accordion\" id=\"accordionExample\">\n                    <span class=\"bloom s1\"><\/span>\n                    <span class=\"bloom s2\"><\/span>\n                                                            <div class=\"accordion-item\">\n                        <h2 class=\"accordion-header\">\n                            <button class=\"accordion-button \" type=\"button\" data-bs-toggle=\"collapse\"\n                                data-bs-target=\"#collapseOne\" aria-expanded=\"true\"\n                                aria-controls=\"collapseEight\">\n                                Czy oferujecie sta\u0142\u0105 wsp\u00f3\u0142prac\u0119 serwisow\u0105?                                <span class=\"icon\"><\/span>\n                            <\/button>\n                        <\/h2>\n                        <div id=\"collapseOne\" class=\"accordion-collapse collapse show\"\n                            data-bs-parent=\"#accordionExample\">\n                            <div class=\"accordion-body\">\n                                iTech Electronics oferuje d\u0142ugoterminow\u0105 wsp\u00f3\u0142prac\u0119 serwisow\u0105 oraz obs\u0142ug\u0119 klient\u00f3w z Polski i zagranicy, zapewniaj\u0105c sprawn\u0105 logistyk\u0119 i profesjonalne wsparcie. Prowadzimy r\u00f3wnie\u017c audyty obszar\u00f3w produkcyjnych pozwalaj\u0105ce okre\u015bli\u0107\u00a0dedykowane spektrum us\u0142ug dla konkretnych przedsi\u0119biorstw.                            <\/div>\n                        <\/div>\n                    <\/div>\n                                                                                <div class=\"accordion-item\">\n                        <h2 class=\"accordion-header\">\n                            <button class=\"accordion-button collapsed\" type=\"button\" data-bs-toggle=\"collapse\"\n                                data-bs-target=\"#collapseTwo\" aria-expanded=\"false\"\n                                aria-controls=\"collapseTwo\">\n                                Jakie urz\u0105dzenia serwisuje iTech Electronics?                                <span class=\"icon\"><\/span>\n                            <\/button>\n                        <\/h2>\n                        <div id=\"collapseTwo\" class=\"accordion-collapse collapse \"\n                            data-bs-parent=\"#accordionExample\">\n                            <div class=\"accordion-body\">\n                                iTech Electronics specjalizuje si\u0119 w naprawie elektroniki przemys\u0142owej, w tym paneli operatorskich (HMI), sterownik\u00f3w, modu\u0142\u00f3w i p\u0142yt g\u0142\u00f3wnych, system\u00f3w zasilania oraz urz\u0105dze\u0144 wykorzystywanych w automatyce i robotyce. Firma obs\u0142uguje urz\u0105dzenia wielu producent\u00f3w \u2013 zar\u00f3wno popularnych, jak i mniej spotykanych.                            <\/div>\n                        <\/div>\n                    <\/div>\n                                                                                <div class=\"accordion-item\">\n                        <h2 class=\"accordion-header\">\n                            <button class=\"accordion-button collapsed\" type=\"button\" data-bs-toggle=\"collapse\"\n                                data-bs-target=\"#collapseThree\" aria-expanded=\"false\"\n                                aria-controls=\"collapseThree\">\n                                Czy naprawiacie r\u00f3wnie\u017c urz\u0105dzenia wycofane z produkcji?                                <span class=\"icon\"><\/span>\n                            <\/button>\n                        <\/h2>\n                        <div id=\"collapseThree\" class=\"accordion-collapse collapse \"\n                            data-bs-parent=\"#accordionExample\">\n                            <div class=\"accordion-body\">\n                                Tak, jednym z kluczowych obszar\u00f3w dzia\u0142alno\u015bci jest naprawa urz\u0105dze\u0144 niedost\u0119pnych ju\u017c na rynku, co pozwala unikn\u0105\u0107 kosztownej modernizacji ca\u0142ych system\u00f3w.                            <\/div>\n                        <\/div>\n                    <\/div>\n                                                                                <div class=\"accordion-item\">\n                        <h2 class=\"accordion-header\">\n                            <button class=\"accordion-button collapsed\" type=\"button\" data-bs-toggle=\"collapse\"\n                                data-bs-target=\"#collapseFour\" aria-expanded=\"false\"\n                                aria-controls=\"collapseFour\">\n                                Czy przed wysy\u0142k\u0105 urz\u0105dzenia konieczna jest wcze\u015bniejsza rezerwacja lub kontakt?                                <span class=\"icon\"><\/span>\n                            <\/button>\n                        <\/h2>\n                        <div id=\"collapseFour\" class=\"accordion-collapse collapse \"\n                            data-bs-parent=\"#accordionExample\">\n                            <div class=\"accordion-body\">\n                                Tak, przed wysy\u0142k\u0105 urz\u0105dzenia zalecany jest wcze\u015bniejszy kontakt mailowy w celu zg\u0142oszenia ch\u0119ci naprawy. Pozwala to na wst\u0119pn\u0105 weryfikacj\u0119 zg\u0142oszenia, przygotowanie serwisu na przyj\u0119cie sprz\u0119tu oraz usprawnienie ca\u0142ego procesu diagnostyki i realizacji us\u0142ugi. Dzi\u0119ki temu czas obs\u0142ugi zostaje skr\u00f3cony, a klient otrzymuje jasne wytyczne dotycz\u0105ce dalszych krok\u00f3w.                            <\/div>\n                        <\/div>\n                    <\/div>\n                                                                                <div class=\"accordion-item\">\n                        <h2 class=\"accordion-header\">\n                            <button class=\"accordion-button collapsed\" type=\"button\" data-bs-toggle=\"collapse\"\n                                data-bs-target=\"#collapseFive\" aria-expanded=\"false\"\n                                aria-controls=\"collapseFive\">\n                                Na czym polega naprawa na poziomie komponentowym (Level 3)?                                <span class=\"icon\"><\/span>\n                            <\/button>\n                        <\/h2>\n                        <div id=\"collapseFive\" class=\"accordion-collapse collapse \"\n                            data-bs-parent=\"#accordionExample\">\n                            <div class=\"accordion-body\">\n                                Naprawa komponentowa (Level 3) polega na precyzyjnej identyfikacji i wymianie pojedynczych uszkodzonych element\u00f3w elektronicznych, zamiast wymiany ca\u0142ych modu\u0142\u00f3w. Dzi\u0119ki temu mo\u017cliwe jest zachowanie oryginalnej funkcjonalno\u015bci urz\u0105dzenia.                            <\/div>\n                        <\/div>\n                    <\/div>\n                                                                                <div class=\"accordion-item\">\n                        <h2 class=\"accordion-header\">\n                            <button class=\"accordion-button collapsed\" type=\"button\" data-bs-toggle=\"collapse\"\n                                data-bs-target=\"#collapseSix\" aria-expanded=\"false\"\n                                aria-controls=\"collapseSix\">\n                                Jak wygl\u0105da proces realizacji naprawy?                                <span class=\"icon\"><\/span>\n                            <\/button>\n                        <\/h2>\n                        <div id=\"collapseSix\" class=\"accordion-collapse collapse \"\n                            data-bs-parent=\"#accordionExample\">\n                            <div class=\"accordion-body\">\n                                Proces jest maksymalnie uproszczony i obejmuje: zg\u0142oszenie urz\u0105dzenia, diagnostyk\u0119, autoryzacj\u0119 koszt\u00f3w, napraw\u0119 oraz testy, a nast\u0119pnie zwrot sprz\u0119tu z dokumentacj\u0105 i gwarancj\u0105.                            <\/div>\n                        <\/div>\n                    <\/div>\n                                                                                <div class=\"accordion-item\">\n                        <h2 class=\"accordion-header\">\n                            <button class=\"accordion-button collapsed\" type=\"button\" data-bs-toggle=\"collapse\"\n                                data-bs-target=\"#collapseSeven\" aria-expanded=\"false\"\n                                aria-controls=\"collapseSeven\">\n                                Czy diagnostyka jest p\u0142atna?                                <span class=\"icon\"><\/span>\n                            <\/button>\n                        <\/h2>\n                        <div id=\"collapseSeven\" class=\"accordion-collapse collapse \"\n                            data-bs-parent=\"#accordionExample\">\n                            <div class=\"accordion-body\">\n                                Diagnostyka jest p\u0142atna jedynie w momencie rezygnacji z naprawy po wykryciu usterki.                            <\/div>\n                        <\/div>\n                    <\/div>\n                                                                                <div class=\"accordion-item\">\n                        <h2 class=\"accordion-header\">\n                            <button class=\"accordion-button collapsed\" type=\"button\" data-bs-toggle=\"collapse\"\n                                data-bs-target=\"#collapseEight\" aria-expanded=\"false\"\n                                aria-controls=\"collapseEight\">\n                                Ile trwa naprawa urz\u0105dzenia?                                <span class=\"icon\"><\/span>\n                            <\/button>\n                        <\/h2>\n                        <div id=\"collapseEight\" class=\"accordion-collapse collapse \"\n                            data-bs-parent=\"#accordionExample\">\n                            <div class=\"accordion-body\">\n                                Czas realizacji zale\u017cy od rodzaju usterki, jednak wiele napraw realizowanych jest nawet w ci\u0105gu 24-72 godzin od momentu autoryzacji, co znacz\u0105co ogranicza przestoje produkcyjne. Oferujemy r\u00f3wnie\u017c opcj\u0119 obs\u0142ugi priorytetowej, co pozwala skr\u00f3ci\u0107 czas realizacji do minimum.                            <\/div>\n                        <\/div>\n                    <\/div>\n                                                                                <div class=\"accordion-item\">\n                        <h2 class=\"accordion-header\">\n                            <button class=\"accordion-button collapsed\" type=\"button\" data-bs-toggle=\"collapse\"\n                                data-bs-target=\"#collapseNine\" aria-expanded=\"false\"\n                                aria-controls=\"collapseNine\">\n                                Czy na naprawy udzielana jest gwarancja?                                <span class=\"icon\"><\/span>\n                            <\/button>\n                        <\/h2>\n                        <div id=\"collapseNine\" class=\"accordion-collapse collapse \"\n                            data-bs-parent=\"#accordionExample\">\n                            <div class=\"accordion-body\">\n                                Tak, wszystkie naprawy obj\u0119te s\u0105 gwarancj\u0105 \u2013 zazwyczaj do 12 miesi\u0119cy.                            <\/div>\n                        <\/div>\n                    <\/div>\n                                                                                <div class=\"accordion-item\">\n                        <h2 class=\"accordion-header\">\n                            <button class=\"accordion-button collapsed\" type=\"button\" data-bs-toggle=\"collapse\"\n                                data-bs-target=\"#collapseTen\" aria-expanded=\"false\"\n                                aria-controls=\"collapseTen\">\n                                Jakie technologie wykorzystujecie w diagnostyce i naprawach?                                <span class=\"icon\"><\/span>\n                            <\/button>\n                        <\/h2>\n                        <div id=\"collapseTen\" class=\"accordion-collapse collapse \"\n                            data-bs-parent=\"#accordionExample\">\n                            <div class=\"accordion-body\">\n                                Wykorzystywane s\u0105 m.in. termografia, mikrolutowanie, analiza sygna\u0142\u00f3w, reverse engineering oraz zaawansowane systemy testowe.                            <\/div>\n                        <\/div>\n                    <\/div>\n                                                        <\/div>\n            <\/div>\n        <\/div>\n    <\/div>\n<\/section>\n<!-- End Faq -->\n\n\n    \t\t\t\t<\/div>\n\t\t\t\t<\/div>\n\t\t\t\t<\/div>\n\t\t<div class=\"elementor-element elementor-element-3de9a0b e-con-full e-flex e-con e-parent\" data-id=\"3de9a0b\" data-element_type=\"container\">\n\t\t\t\t<div class=\"elementor-element elementor-element-deb15fa elementor-widget elementor-widget-homecta\" data-id=\"deb15fa\" data-element_type=\"widget\" data-widget_type=\"homecta.default\">\n\t\t\t\t<div class=\"elementor-widget-container\">\n\t\t\t\t\t\n<!-- Start Cta-->\n<section class=\"s-cta\">\n    <div class=\"relative z-5\">\n        <div class=\"tf-container\">\n            <div class=\"row\">\n                <div class=\"col-xxl-12\">\n                    <div class=\"s-heading style-2 mb-0\">\n                        <h1 class=\"s-title text-center mb-18 wow fadeInUp\" data-wow-delay=\"0s\">\n                            Zmniejsz wydatki Twojej firmy\n                        <\/h1>\n                        <p class=\"text text-center text-type-2 wow fadeInUp\" data-wow-delay=\"0s\">\n                            Wsp\u00f3\u0142pracujemy z Automatykami, Dzia\u0142ami UR, Dyrektorami Produkcji oraz W\u0142a\u015bcicielami firm w ca\u0142ej Polsce \u2013 dostarczaj\u0105c rozwi\u0105zania tam, gdzie liczy si\u0119 niezawodno\u015b\u0107 i efektywno\u015b\u0107.                        <\/p>\n                        <div class=\"flex justify-center wow fadeInUp\" data-wow-delay=\"0s\">\n                                                        <a  href=\"https:\/\/itechelectronics.pl\/?page_id=3115\" class=\"tf-btn style-5\">\n                                <div class=\"btn-text\">\n                                    <span> Skontaktuj si\u0119 <\/span>\n                                <\/div>\n                            <\/a>\n                                                    <\/div>\n                    <\/div>\n                <\/div>\n            <\/div>\n        <\/div>\n    <\/div>\n\n    <span class=\"s-img-item bloom style-6 item-1\"><\/span>\n    <span class=\"s-img-item bloom item-2\"><\/span>\n    <div class=\"tf-overlay overflow-hidden\">\n        <span class=\"s-img-item bottom item-3\">\n            <img decoding=\"async\" src=\"\" alt=\"\">\n        <\/span>\n        <span class=\"s-img-item bottom item-4\">\n            <span class=\"eclip-1\"><\/span>\n            <span class=\"eclip-2\"><\/span>\n        <\/span>\n    <\/div>\n        <span class=\"line\"><\/span>\n    <\/section>\n<!-- End Cta -->\n\n\n    \t\t\t\t<\/div>\n\t\t\t\t<\/div>\n\t\t\t\t<\/div>\n\t\t\t\t<\/div>\n\t\t","protected":false},"excerpt":{"rendered":"<p>Kontakt Zapraszamy do wsp\u00f3\u0142pracy W przypadku konieczno\u015bci przes\u0142ania za\u0142\u0105cznik\u00f3w, prosimy o bezpo\u015bredni kontakt mailowy. Wy\u015blij FAQ Najcz\u0119\u015bciej zadawane pytania Czy oferujecie sta\u0142\u0105 wsp\u00f3\u0142prac\u0119 serwisow\u0105? iTech Electronics oferuje d\u0142ugoterminow\u0105 wsp\u00f3\u0142prac\u0119 serwisow\u0105 oraz obs\u0142ug\u0119 klient\u00f3w z Polski i zagranicy, zapewniaj\u0105c sprawn\u0105 logistyk\u0119 i profesjonalne wsparcie. Prowadzimy r\u00f3wnie\u017c audyty obszar\u00f3w produkcyjnych pozwalaj\u0105ce okre\u015bli\u0107\u00a0dedykowane spektrum us\u0142ug dla konkretnych przedsi\u0119biorstw. [&hellip;]<\/p>\n","protected":false},"author":1,"featured_media":0,"parent":0,"menu_order":0,"comment_status":"closed","ping_status":"closed","template":"page-templates\/contact.php","meta":{"om_disable_all_campaigns":false,"_monsterinsights_skip_tracking":false,"_monsterinsights_sitenote_active":false,"_monsterinsights_sitenote_note":"","_monsterinsights_sitenote_category":0,"footnotes":""},"class_list":["post-3115","page","type-page","status-publish","hentry"],"aioseo_notices":[],"_links":{"self":[{"href":"https:\/\/itechelectronics.pl\/index.php?rest_route=\/wp\/v2\/pages\/3115","targetHints":{"allow":["GET"]}}],"collection":[{"href":"https:\/\/itechelectronics.pl\/index.php?rest_route=\/wp\/v2\/pages"}],"about":[{"href":"https:\/\/itechelectronics.pl\/index.php?rest_route=\/wp\/v2\/types\/page"}],"author":[{"embeddable":true,"href":"https:\/\/itechelectronics.pl\/index.php?rest_route=\/wp\/v2\/users\/1"}],"replies":[{"embeddable":true,"href":"https:\/\/itechelectronics.pl\/index.php?rest_route=%2Fwp%2Fv2%2Fcomments&post=3115"}],"version-history":[{"count":43,"href":"https:\/\/itechelectronics.pl\/index.php?rest_route=\/wp\/v2\/pages\/3115\/revisions"}],"predecessor-version":[{"id":5853,"href":"https:\/\/itechelectronics.pl\/index.php?rest_route=\/wp\/v2\/pages\/3115\/revisions\/5853"}],"wp:attachment":[{"href":"https:\/\/itechelectronics.pl\/index.php?rest_route=%2Fwp%2Fv2%2Fmedia&parent=3115"}],"curies":[{"name":"wp","href":"https:\/\/api.w.org\/{rel}","templated":true}]}}